{"id":1520,"date":"2018-12-20T13:39:09","date_gmt":"2018-12-20T12:39:09","guid":{"rendered":"http:\/\/leslodgesdelacascade.com\/?page_id=1520"},"modified":"2018-12-20T14:42:37","modified_gmt":"2018-12-20T13:42:37","slug":"rent-cottage-formula-or-bed-and-breakfast","status":"publish","type":"page","link":"http:\/\/leslodgesdelacascade.com\/en\/rent-cottage-formula-or-bed-and-breakfast\/","title":{"rendered":"Rent Cottage formula or bed and breakfast"},"content":{"rendered":"<p>[vc_row][vc_column width=&#8221;1\/2&#8243;][vc_column_text]<\/p>\n<h2><span class=\"notranslate\"><strong>Charming cottage for 6\/8 people<\/strong><\/span><\/h2>\n<p>&nbsp;<\/p>\n<p><span class=\"notranslate\">In a stone house of 115 m\u00b2 including:<\/span><\/p>\n<ul>\n<li><span class=\"notranslate\"> 2 large suites,<\/span><\/li>\n<li><span class=\"notranslate\"> 2 bathrooms,<\/span><\/li>\n<li><span class=\"notranslate\"> 2 toilets,<\/span><\/li>\n<li><span class=\"notranslate\"> Living room with fireplace,<\/span><\/li>\n<li><span class=\"notranslate\"> Equipped kitchen, (for the formula guest room access to the kitchen only for the refrigerator, microwave and kettle).<\/span><\/li>\n<li><span class=\"notranslate\"> Laundry, cellar, bike room, garage motorcycles.<\/span><\/li>\n<li><span class=\"notranslate\"> Gas barbecue (only self-catering formula)<\/span><\/li>\n<\/ul>\n<p><span class=\"notranslate\"> Housekeeping and linen provided.<\/span><br \/>\n<span class=\"notranslate\"> Non-smoking cottage.<\/span><br \/>\n<span class=\"notranslate\"> Animals not accepted.<\/span><br \/>\n<span class=\"notranslate\"> We live in the house near the house and will be at your disposal to answer your requests and advise you to discover the region.<\/span><\/p>\n<p>M\u00e9nage et linge de maison fournis.<br \/>\nG\u00eete non-fumeur.<br \/>\nAnimaux non accept\u00e9s.<br \/>\nNous r\u00e9sidons dans la maison \u00e0 proximit\u00e9 du g\u00eete et serons \u00e0 votre disposition pour r\u00e9pondre \u00e0 vos demandes et vous conseiller pour la d\u00e9couverte de la r\u00e9gion.[\/vc_column_text][\/vc_column][vc_column width=&#8221;1\/2&#8243;][vc_single_image image=&#8221;1199&#8243; img_size=&#8221;full&#8221;][vc_empty_space hide_on_mobile=&#8221;&#8221;][vc_gallery interval=&#8221;3&#8243; images=&#8221;1184,1195,1206,1216,1203&#8243; img_size=&#8221;full&#8221;][\/vc_column][\/vc_row][vc_row][vc_column][vc_empty_space alter_height=&#8221;large&#8221; hide_on_mobile=&#8221;&#8221;][vc_empty_space height=&#8221;1.7333em&#8221; alter_height=&#8221;none&#8221; hide_on_mobile=&#8221;&#8221;][\/vc_column][\/vc_row][vc_row][vc_column][vc_column_text]<\/p>\n<h2><span class=\"notranslate\"><strong>The Cottage in detail<\/strong><\/span><\/h2>\n<h2><strong>\u00a0<\/strong><\/h2>\n<h3><span class=\"notranslate\"><strong>Outdoor spaces<\/strong><\/span><\/h3>\n<p>&nbsp;<\/p>\n<ul>\n<li><span class=\"notranslate\">Private parking 5 places, trampoline, ping pong, petanque;<\/span><\/li>\n<li><span class=\"notranslate\"> Large terrace with lawn, view of the waterfall and the mountain;<\/span><\/li>\n<li><span class=\"notranslate\"> Garden furniture, patio heater, sunshade, deck chairs, gas grill.<\/span><\/li>\n<\/ul>\n<p>&nbsp;<\/p>\n<p><strong><span class=\"notranslate\">Raised ground floor <u>:<\/u><\/span><\/strong><\/p>\n<ul>\n<li><strong><span class=\"notranslate\">Stay 35 m \u00b2 with insert chimney.<\/span><\/strong><\/li>\n<\/ul>\n<p><span class=\"notranslate\">Large flat screen TV, DVD player, wifi, leather sofa with chaise longue convertible into real bed with sleeping <strong>comfort mattress 140 \u00d7 200 for 2 people.<\/strong><\/span><\/p>\n<ul>\n<li><span class=\"notranslate\"> <strong>Separate fitted kitchen<\/strong> 15 m\u00b2,<\/span><\/li>\n<\/ul>\n<p><span class=\"notranslate\"> 5-burner stove with oven, dishwasher, fridge-freezer, microwave, raclette, fondue, steamer and all necessary dishes.<\/span><\/p>\n<ul>\n<li><span class=\"notranslate\"> <strong>Vanilla Room: 1 suite of 25m\u00b2<\/strong><\/span><\/li>\n<\/ul>\n<p><span class=\"notranslate\"> <strong>Comfort bed 2 people 160X200,<\/strong> desk, wardrobe, large flat screen TV, Wifi, bathroom with walk-in shower, heated towel rail, hairdryer, separate toilet, balcony with direct access to the outside.<\/span><\/p>\n<p><span class=\"notranslate\"> <strong>1st floor :<\/strong><\/span><\/p>\n<ul>\n<li><span class=\"notranslate\"> <strong>House of the waterfall<\/strong><\/span><\/li>\n<\/ul>\n<p><span class=\"notranslate\"> Family room of 23 m\u00b2 with <strong>4 beds: 1 bed 2X80X200 (double bed or 2 single beds comfort) and 2 pull-out beds 2 people 2X90X190<\/strong> with sitting area, closet, dresser, large flat screen TV, Wifi, balcony overlooking the waterfall .<\/span> <span class=\"notranslate\"> Free baby equipment possible.<\/span><\/p>\n<p><span class=\"notranslate\"> Bathroom 10m\u00b2 with bath and shower, wc, double sink, heated towel rail, hair dryer.<\/span><\/p>\n<p><span class=\"notranslate\"> <strong>Basement:<\/strong><\/span><\/p>\n<ul>\n<li><span class=\"notranslate\"> Laundry room with washing machine, tumble dryer, cellar, bike storage, motorbikes.<\/span><\/li>\n<\/ul>\n<p>&nbsp;<\/p>\n<p>[\/vc_column_text][\/vc_column][\/vc_row]<\/p>\n","protected":false},"excerpt":{"rendered":"<p>[vc_row][vc_column width=&#8221;1\/2&#8243;][vc_column_text] Charming cottage for 6\/8 people &nbsp; In a stone house of 115 m\u00b2 including: 2 large suites, 2 bathrooms, 2 toilets, Living room with fireplace, Equipped kitchen, (for the formula guest room access&hellip;<\/p>\n","protected":false},"author":1,"featured_media":0,"parent":0,"menu_order":0,"comment_status":"closed","ping_status":"closed","template":"","meta":{"footnotes":""},"_links":{"self":[{"href":"http:\/\/leslodgesdelacascade.com\/en\/wp-json\/wp\/v2\/pages\/1520\/"}],"collection":[{"href":"http:\/\/leslodgesdelacascade.com\/en\/wp-json\/wp\/v2\/pages\/"}],"about":[{"href":"http:\/\/leslodgesdelacascade.com\/en\/wp-json\/wp\/v2\/types\/page\/"}],"author":[{"embeddable":true,"href":"http:\/\/leslodgesdelacascade.com\/en\/wp-json\/wp\/v2\/users\/1\/"}],"replies":[{"embeddable":true,"href":"http:\/\/leslodgesdelacascade.com\/en\/wp-json\/wp\/v2\/comments\/?post=1520"}],"version-history":[{"count":1,"href":"http:\/\/leslodgesdelacascade.com\/en\/wp-json\/wp\/v2\/pages\/1520\/revisions\/"}],"predecessor-version":[{"id":1524,"href":"http:\/\/leslodgesdelacascade.com\/en\/wp-json\/wp\/v2\/pages\/1520\/revisions\/1524\/"}],"wp:attachment":[{"href":"http:\/\/leslodgesdelacascade.com\/en\/wp-json\/wp\/v2\/media\/?parent=1520"}],"curies":[{"name":"wp","href":"https:\/\/api.w.org\/{rel}","templated":true}]}}